{"id":442,"date":"2024-08-16T11:53:30","date_gmt":"2024-08-16T10:53:30","guid":{"rendered":"https:\/\/intasc.com\/pt\/?page_id=442"},"modified":"2024-11-15T11:01:54","modified_gmt":"2024-11-15T11:01:54","slug":"sobre-nos","status":"publish","type":"page","link":"https:\/\/intasc.com\/pt\/sobre-nos\/","title":{"rendered":"Sobre N\u00f3s"},"content":{"rendered":"\t\t<div data-elementor-type=\"wp-page\" data-elementor-id=\"442\" class=\"elementor elementor-442\">\n\t\t\t\t<div class=\"elementor-element elementor-element-ed1903b e-flex e-con-boxed e-con e-parent\" data-id=\"ed1903b\" data-element_type=\"container\">\n\t\t\t\t\t<div class=\"e-con-inner\">\n\t\t\t\t<div class=\"elementor-element elementor-element-e3aaeaa elementor-widget elementor-widget-heading\" data-id=\"e3aaeaa\" data-element_type=\"widget\" data-widget_type=\"heading.default\">\n\t\t\t\t<div class=\"elementor-widget-container\">\n\t\t\t<h2 class=\"elementor-heading-title elementor-size-default\">SOBRE N\u00d3S<\/h2>\t\t<\/div>\n\t\t\t\t<\/div>\n\t\t\t\t\t<\/div>\n\t\t\t\t<\/div>\n\t\t<div class=\"elementor-element elementor-element-3393ea0 e-flex e-con-boxed e-con e-parent\" data-id=\"3393ea0\" data-element_type=\"container\">\n\t\t\t\t\t<div class=\"e-con-inner\">\n\t\t<div class=\"elementor-element elementor-element-5517c11 e-con-full e-flex e-con e-child\" data-id=\"5517c11\" data-element_type=\"container\">\n\t\t\t\t<div class=\"elementor-element elementor-element-2f00232 elementor-widget elementor-widget-image\" data-id=\"2f00232\" data-element_type=\"widget\" data-widget_type=\"image.default\">\n\t\t\t\t<div class=\"elementor-widget-container\">\n\t\t\t\t\t\t\t\t\t\t\t\t\t<img fetchpriority=\"high\" decoding=\"async\" width=\"1024\" height=\"1003\" src=\"https:\/\/mlmpmsbezgus.i.optimole.com\/w:auto\/h:auto\/q:mauto\/ig:avif\/https:\/\/intasc.com\/pt\/wp-content\/uploads\/2024\/10\/212aef09-4829-4fb6-8e74-db0a0d6478b5.png\" class=\"attachment-large size-large wp-image-600\" alt=\"\" \/>\t\t\t\t\t\t\t\t\t\t\t\t\t<\/div>\n\t\t\t\t<\/div>\n\t\t\t\t<\/div>\n\t\t<div class=\"elementor-element elementor-element-01ed8ac e-con-full e-flex e-con e-child\" data-id=\"01ed8ac\" data-element_type=\"container\">\n\t\t\t\t<div class=\"elementor-element elementor-element-d91293a elementor-widget elementor-widget-image\" data-id=\"d91293a\" data-element_type=\"widget\" data-widget_type=\"image.default\">\n\t\t\t\t<div class=\"elementor-widget-container\">\n\t\t\t\t\t\t\t\t\t\t\t\t\t<img fetchpriority=\"high\" decoding=\"async\" width=\"1024\" height=\"914\" src=\"https:\/\/mlmpmsbezgus.i.optimole.com\/co-ZpyQ-_5G8AsnC\/w:auto\/h:auto\/ig:avif\/q:mauto\/id:f51b10947360d6f9c601049882b0e1ff\/directUpload\/1731668156543.jpg\" class=\"attachment-large size-large wp-image-634\" alt=\"\" \/>\t\t\t\t\t\t\t\t\t\t\t\t\t<\/div>\n\t\t\t\t<\/div>\n\t\t\t\t<\/div>\n\t\t<div class=\"elementor-element elementor-element-1abbda9 e-con-full e-flex e-con e-child\" data-id=\"1abbda9\" data-element_type=\"container\">\n\t\t\t\t<div class=\"elementor-element elementor-element-1bfc972 elementor-widget elementor-widget-text-editor\" data-id=\"1bfc972\" data-element_type=\"widget\" data-widget_type=\"text-editor.default\">\n\t\t\t\t<div class=\"elementor-widget-container\">\n\t\t\t\t\t\t\t<div><p class=\"x_MsoNormal\"><span data-olk-copy-source=\"MessageBody\">Na\u00a0<b>INTASC<\/b>, \u2013 Consultoria em Com\u00e9rcio Internacional, Assessoria e Cadeia de Abastecimento &#8211; combinamos conhecimento e experi\u00eancia pr\u00e1tica em diversas ind\u00fastrias e fu<\/span>n\u00e7\u00f5es. Somos uma equipa\u00a0<b>capaz de comunicar em v\u00e1rias l\u00ednguas\u00a0<\/b>e com mais de 20 anos de experi\u00eancia pr\u00e1tica individual em \u00e1reas como\u00a0<b>compras<\/b>,\u00a0<b>vendas<\/b>\u00a0e\u00a0<b>gest\u00e3o<\/b>, permitindo-nos atuar como um departamento externo da sua empresa, sempre alinhados com a sua estrat\u00e9gia de neg\u00f3cios e defendendo os seus interesses.<\/p><\/div><div><p class=\"x_MsoNormal\">Os fundadores,\u00a0<span style=\"color: #860f0f;\"><a style=\"color: #860f0f;\" href=\"http:\/\/linkedin.com\/in\/cl\u00e1udia-duarte\" target=\"_blank\" rel=\"noopener\"><b>Cl\u00e1udia Duarte<\/b><\/a><\/span>\u00a0e\u00a0<span style=\"color: #860f0f;\"><a style=\"color: #860f0f;\" href=\"http:\/\/linkedin.com\/in\/ricardod\" target=\"_blank\" rel=\"noopener\"><b>Ricardo Duarte<\/b><\/a><\/span>, trazem uma s\u00f3lida forma\u00e7\u00e3o e ampla experi\u00eancia no mercado internacional, tendo desempenhado fun\u00e7\u00f5es em PME&#8217;s e multinacionais, tanto em Portugal como no estrangeiro. A<strong> Cl\u00e1udia <\/strong>tem uma vasta experi\u00eancia em <b>vendas<\/b>,\u00a0<b>desenvolvimento de neg\u00f3cios<\/b>\u00a0e\u00a0<b>gest\u00e3o de contas\u00a0internacionais<\/b>\u00a0em variados setores e mercados, enquanto que\u00a0o\u00a0<strong>Ricardo<\/strong> conta com mais de 20\u00a0anos de experi\u00eancia em com\u00e9rcio internacional, com \u00eanfase em\u00a0<b>materiais de constru\u00e7\u00e3o<\/b>\u00a0e\u00a0<b>bens de consumo<\/b>. Ocupando cargos de gest\u00e3o em compras e vendas,\u00a0viveu 16 anos na China e\u00a0foi respons\u00e1vel pela cria\u00e7\u00e3o e expans\u00e3o de unidades de neg\u00f3cios neste mercado, o que lhe proporcionou uma compreens\u00e3o abrangente da influ\u00eancia cultural na gest\u00e3o e na negocia\u00e7\u00e3o, assim como a import\u00e2ncia da localiza\u00e7\u00e3o nos neg\u00f3cios.<\/p><\/div><div><p class=\"x_MsoNormal\">Na\u00a0<b>INTASC<\/b>, estamos dedicados a ajudar a sua empresa a superar desafios e aproveitar as oportunidades no com\u00e9rcio global.<\/p><p class=\"x_MsoNormal\">Visite a nossa p\u00e1gina de\u00a0<span style=\"color: #860f0f;\"><a style=\"color: #860f0f;\" href=\"https:\/\/intasc.com\/pt\/servicos\/\" data-linkindex=\"0\"><strong>Servi\u00e7os<\/strong><\/a><\/span>\u00a0ou entre em <strong><span style=\"color: #860f0f;\"><a style=\"color: #860f0f;\" href=\"https:\/\/intasc.com\/pt\/contacto\/\">Contacto<\/a><\/span><\/strong> connosco para descobrir como podemos colaborar para o seu sucesso.<\/p><\/div>\t\t\t\t\t\t<\/div>\n\t\t\t\t<\/div>\n\t\t\t\t<\/div>\n\t\t\t\t\t<\/div>\n\t\t\t\t<\/div>\n\t\t<div class=\"elementor-element elementor-element-7d14d96 e-flex e-con-boxed e-con e-parent\" data-id=\"7d14d96\" data-element_type=\"container\">\n\t\t\t\t\t<div class=\"e-con-inner\">\n\t\t\t\t<div class=\"elementor-element elementor-element-4872e94 elementor-widget-divider--view-line elementor-widget elementor-widget-divider\" data-id=\"4872e94\" data-element_type=\"widget\" data-widget_type=\"divider.default\">\n\t\t\t\t<div class=\"elementor-widget-container\">\n\t\t\t\t\t<div class=\"elementor-divider\">\n\t\t\t<span class=\"elementor-divider-separator\">\n\t\t\t\t\t\t<\/span>\n\t\t<\/div>\n\t\t\t\t<\/div>\n\t\t\t\t<\/div>\n\t\t\t\t<div class=\"elementor-element elementor-element-1177fbf elementor-view-default elementor-widget elementor-widget-icon\" data-id=\"1177fbf\" data-element_type=\"widget\" data-widget_type=\"icon.default\">\n\t\t\t\t<div class=\"elementor-widget-container\">\n\t\t\t\t\t<div class=\"elementor-icon-wrapper\">\n\t\t\t<a class=\"elementor-icon\" href=\"https:\/\/www.linkedin.com\/company\/intasc\" target=\"_blank\">\n\t\t\t<i aria-hidden=\"true\" class=\"fab fa-linkedin-in\"><\/i>\t\t\t<\/a>\n\t\t<\/div>\n\t\t\t\t<\/div>\n\t\t\t\t<\/div>\n\t\t\t\t\t<\/div>\n\t\t\t\t<\/div>\n\t\t<div class=\"elementor-element elementor-element-6689086 e-flex e-con-boxed e-con e-parent\" data-id=\"6689086\" data-element_type=\"container\">\n\t\t\t\t\t<div class=\"e-con-inner\">\n\t\t\t\t<div class=\"elementor-element elementor-element-566ed30 elementor-widget elementor-widget-text-editor\" data-id=\"566ed30\" data-element_type=\"widget\" data-widget_type=\"text-editor.default\">\n\t\t\t\t<div class=\"elementor-widget-container\">\n\t\t\t\t\t\t\t<p><a href=\"https:\/\/intasc.com\/pt\/politica-de-privacidade\/\"><strong><span style=\"color: #860f0f;\">POL\u00cdTICA DE PRIVACIDADE<\/span><\/strong><\/a><\/p>\t\t\t\t\t\t<\/div>\n\t\t\t\t<\/div>\n\t\t\t\t\t<\/div>\n\t\t\t\t<\/div>\n\t\t\t\t<\/div>\n\t\t","protected":false},"excerpt":{"rendered":"<p>SOBRE N\u00d3S Na\u00a0INTASC, \u2013 Consultoria em Com\u00e9rcio Internacional, Assessoria e Cadeia de Abastecimento &#8211; combinamos conhecimento e experi\u00eancia pr\u00e1tica em diversas ind\u00fastrias e fun\u00e7\u00f5es. Somos uma equipa\u00a0capaz de comunicar em v\u00e1rias l\u00ednguas\u00a0e com mais de 20 anos de experi\u00eancia pr\u00e1tica individual em \u00e1reas como\u00a0compras,\u00a0vendas\u00a0e\u00a0gest\u00e3o, permitindo-nos atuar como um departamento externo da sua empresa, sempre alinhados&hellip;&nbsp;<a href=\"https:\/\/intasc.com\/pt\/sobre-nos\/\" rel=\"bookmark\">Read More &raquo;<span class=\"screen-reader-text\">Sobre N\u00f3s<\/span><\/a><\/p>\n","protected":false},"author":1,"featured_media":0,"parent":0,"menu_order":0,"comment_status":"closed","ping_status":"closed","template":"page-templates\/template-pagebuilder-full-width.php","meta":{"neve_meta_sidebar":"","neve_meta_container":"","neve_meta_enable_content_width":"","neve_meta_content_width":0,"neve_meta_title_alignment":"","neve_meta_author_avatar":"","neve_post_elements_order":"","neve_meta_disable_header":"","neve_meta_disable_footer":"","neve_meta_disable_title":"","footnotes":""},"class_list":["post-442","page","type-page","status-publish","hentry"],"yoast_head":"<!-- This site is optimized with the Yoast SEO plugin v26.8 - https:\/\/yoast.com\/product\/yoast-seo-wordpress\/ -->\n<title>Sobre N\u00f3s - Intasc - Especialistas em Com\u00e9rcio Internacional<\/title>\n<meta name=\"description\" content=\"Conhe\u00e7a a equipa da INTASC, com mais de 20 anos de experi\u00eancia em com\u00e9rcio internacional B2B, vendas e compras internacionais. Contacte-nos!\" \/>\n<meta name=\"robots\" content=\"index, follow, max-snippet:-1, max-image-preview:large, max-video-preview:-1\" \/>\n<link rel=\"canonical\" href=\"https:\/\/intasc.com\/pt\/sobre-nos\/\" \/>\n<meta property=\"og:locale\" content=\"en_US\" \/>\n<meta property=\"og:type\" content=\"article\" \/>\n<meta property=\"og:title\" content=\"Sobre N\u00f3s - Intasc - Especialistas em Com\u00e9rcio Internacional\" \/>\n<meta property=\"og:description\" content=\"Conhe\u00e7a a equipa da INTASC, com mais de 20 anos de experi\u00eancia em com\u00e9rcio internacional B2B, vendas e compras internacionais. Contacte-nos!\" \/>\n<meta property=\"og:url\" content=\"https:\/\/intasc.com\/pt\/sobre-nos\/\" \/>\n<meta property=\"article:modified_time\" content=\"2024-11-15T11:01:54+00:00\" \/>\n<meta property=\"og:image\" content=\"https:\/\/mlmpmsbezgus.i.optimole.com\/w:auto\/h:auto\/q:mauto\/ig:avif\/https:\/\/intasc.com\/pt\/wp-content\/uploads\/2024\/10\/212aef09-4829-4fb6-8e74-db0a0d6478b5.png\" \/>\n\t<meta property=\"og:image:width\" content=\"1024\" \/>\n\t<meta property=\"og:image:height\" content=\"1003\" \/>\n\t<meta property=\"og:image:type\" content=\"image\/png\" \/>\n<meta name=\"twitter:card\" content=\"summary_large_image\" \/>\n<meta name=\"twitter:label1\" content=\"Est. reading time\" \/>\n\t<meta name=\"twitter:data1\" content=\"2 minutes\" \/>\n<script type=\"application\/ld+json\" class=\"yoast-schema-graph\">{\"@context\":\"https:\/\/schema.org\",\"@graph\":[{\"@type\":\"WebPage\",\"@id\":\"https:\/\/intasc.com\/pt\/sobre-nos\/\",\"url\":\"https:\/\/intasc.com\/pt\/sobre-nos\/\",\"name\":\"Sobre N\u00f3s - Intasc - Especialistas em Com\u00e9rcio Internacional\",\"isPartOf\":{\"@id\":\"https:\/\/intasc.com\/pt\/#website\"},\"primaryImageOfPage\":{\"@id\":\"https:\/\/intasc.com\/pt\/sobre-nos\/#primaryimage\"},\"image\":{\"@id\":\"https:\/\/intasc.com\/pt\/sobre-nos\/#primaryimage\"},\"thumbnailUrl\":\"https:\/\/mlmpmsbezgus.i.optimole.com\/w:auto\/h:auto\/q:mauto\/ig:avif\/https:\/\/intasc.com\/pt\/wp-content\/uploads\/2024\/10\/212aef09-4829-4fb6-8e74-db0a0d6478b5.png\",\"datePublished\":\"2024-08-16T10:53:30+00:00\",\"dateModified\":\"2024-11-15T11:01:54+00:00\",\"description\":\"Conhe\u00e7a a equipa da INTASC, com mais de 20 anos de experi\u00eancia em com\u00e9rcio internacional B2B, vendas e compras internacionais. Contacte-nos!\",\"breadcrumb\":{\"@id\":\"https:\/\/intasc.com\/pt\/sobre-nos\/#breadcrumb\"},\"inLanguage\":\"en-US\",\"potentialAction\":[{\"@type\":\"ReadAction\",\"target\":[\"https:\/\/intasc.com\/pt\/sobre-nos\/\"]}]},{\"@type\":\"ImageObject\",\"inLanguage\":\"en-US\",\"@id\":\"https:\/\/intasc.com\/pt\/sobre-nos\/#primaryimage\",\"url\":\"https:\/\/mlmpmsbezgus.i.optimole.com\/w:auto\/h:auto\/q:mauto\/ig:avif\/https:\/\/intasc.com\/pt\/wp-content\/uploads\/2024\/10\/212aef09-4829-4fb6-8e74-db0a0d6478b5.png\",\"contentUrl\":\"https:\/\/mlmpmsbezgus.i.optimole.com\/w:auto\/h:auto\/q:mauto\/ig:avif\/https:\/\/intasc.com\/pt\/wp-content\/uploads\/2024\/10\/212aef09-4829-4fb6-8e74-db0a0d6478b5.png\",\"width\":1765,\"height\":1729},{\"@type\":\"BreadcrumbList\",\"@id\":\"https:\/\/intasc.com\/pt\/sobre-nos\/#breadcrumb\",\"itemListElement\":[{\"@type\":\"ListItem\",\"position\":1,\"name\":\"Home\",\"item\":\"https:\/\/intasc.com\/pt\/\"},{\"@type\":\"ListItem\",\"position\":2,\"name\":\"Sobre N\u00f3s\"}]},{\"@type\":\"WebSite\",\"@id\":\"https:\/\/intasc.com\/pt\/#website\",\"url\":\"https:\/\/intasc.com\/pt\/\",\"name\":\"intasc\",\"description\":\"\",\"publisher\":{\"@id\":\"https:\/\/intasc.com\/pt\/#organization\"},\"potentialAction\":[{\"@type\":\"SearchAction\",\"target\":{\"@type\":\"EntryPoint\",\"urlTemplate\":\"https:\/\/intasc.com\/pt\/?s={search_term_string}\"},\"query-input\":{\"@type\":\"PropertyValueSpecification\",\"valueRequired\":true,\"valueName\":\"search_term_string\"}}],\"inLanguage\":\"en-US\"},{\"@type\":\"Organization\",\"@id\":\"https:\/\/intasc.com\/pt\/#organization\",\"name\":\"intasc\",\"url\":\"https:\/\/intasc.com\/pt\/\",\"logo\":{\"@type\":\"ImageObject\",\"inLanguage\":\"en-US\",\"@id\":\"https:\/\/intasc.com\/pt\/#\/schema\/logo\/image\/\",\"url\":\"https:\/\/mlmpmsbezgus.i.optimole.com\/w:auto\/h:auto\/q:mauto\/ig:avif\/https:\/\/intasc.com\/pt\/wp-content\/uploads\/2024\/04\/Logo-cortado.jpeg\",\"contentUrl\":\"https:\/\/mlmpmsbezgus.i.optimole.com\/w:auto\/h:auto\/q:mauto\/ig:avif\/https:\/\/intasc.com\/pt\/wp-content\/uploads\/2024\/04\/Logo-cortado.jpeg\",\"width\":191,\"height\":87,\"caption\":\"intasc\"},\"image\":{\"@id\":\"https:\/\/intasc.com\/pt\/#\/schema\/logo\/image\/\"},\"sameAs\":[\"https:\/\/www.linkedin.com\/company\/intasc\"]}]}<\/script>\n<!-- \/ Yoast SEO plugin. -->","yoast_head_json":{"title":"Sobre N\u00f3s - Intasc - Especialistas em Com\u00e9rcio Internacional","description":"Conhe\u00e7a a equipa da INTASC, com mais de 20 anos de experi\u00eancia em com\u00e9rcio internacional B2B, vendas e compras internacionais. Contacte-nos!","robots":{"index":"index","follow":"follow","max-snippet":"max-snippet:-1","max-image-preview":"max-image-preview:large","max-video-preview":"max-video-preview:-1"},"canonical":"https:\/\/intasc.com\/pt\/sobre-nos\/","og_locale":"en_US","og_type":"article","og_title":"Sobre N\u00f3s - Intasc - Especialistas em Com\u00e9rcio Internacional","og_description":"Conhe\u00e7a a equipa da INTASC, com mais de 20 anos de experi\u00eancia em com\u00e9rcio internacional B2B, vendas e compras internacionais. Contacte-nos!","og_url":"https:\/\/intasc.com\/pt\/sobre-nos\/","article_modified_time":"2024-11-15T11:01:54+00:00","og_image":[{"url":"https:\/\/mlmpmsbezgus.i.optimole.com\/w:auto\/h:auto\/q:mauto\/ig:avif\/https:\/\/intasc.com\/pt\/wp-content\/uploads\/2024\/10\/212aef09-4829-4fb6-8e74-db0a0d6478b5.png","width":1024,"height":1003,"type":"image\/png"}],"twitter_card":"summary_large_image","twitter_misc":{"Est. reading time":"2 minutes"},"schema":{"@context":"https:\/\/schema.org","@graph":[{"@type":"WebPage","@id":"https:\/\/intasc.com\/pt\/sobre-nos\/","url":"https:\/\/intasc.com\/pt\/sobre-nos\/","name":"Sobre N\u00f3s - Intasc - Especialistas em Com\u00e9rcio Internacional","isPartOf":{"@id":"https:\/\/intasc.com\/pt\/#website"},"primaryImageOfPage":{"@id":"https:\/\/intasc.com\/pt\/sobre-nos\/#primaryimage"},"image":{"@id":"https:\/\/intasc.com\/pt\/sobre-nos\/#primaryimage"},"thumbnailUrl":"https:\/\/mlmpmsbezgus.i.optimole.com\/w:auto\/h:auto\/q:mauto\/ig:avif\/https:\/\/intasc.com\/pt\/wp-content\/uploads\/2024\/10\/212aef09-4829-4fb6-8e74-db0a0d6478b5.png","datePublished":"2024-08-16T10:53:30+00:00","dateModified":"2024-11-15T11:01:54+00:00","description":"Conhe\u00e7a a equipa da INTASC, com mais de 20 anos de experi\u00eancia em com\u00e9rcio internacional B2B, vendas e compras internacionais. Contacte-nos!","breadcrumb":{"@id":"https:\/\/intasc.com\/pt\/sobre-nos\/#breadcrumb"},"inLanguage":"en-US","potentialAction":[{"@type":"ReadAction","target":["https:\/\/intasc.com\/pt\/sobre-nos\/"]}]},{"@type":"ImageObject","inLanguage":"en-US","@id":"https:\/\/intasc.com\/pt\/sobre-nos\/#primaryimage","url":"https:\/\/mlmpmsbezgus.i.optimole.com\/w:auto\/h:auto\/q:mauto\/ig:avif\/https:\/\/intasc.com\/pt\/wp-content\/uploads\/2024\/10\/212aef09-4829-4fb6-8e74-db0a0d6478b5.png","contentUrl":"https:\/\/mlmpmsbezgus.i.optimole.com\/w:auto\/h:auto\/q:mauto\/ig:avif\/https:\/\/intasc.com\/pt\/wp-content\/uploads\/2024\/10\/212aef09-4829-4fb6-8e74-db0a0d6478b5.png","width":1765,"height":1729},{"@type":"BreadcrumbList","@id":"https:\/\/intasc.com\/pt\/sobre-nos\/#breadcrumb","itemListElement":[{"@type":"ListItem","position":1,"name":"Home","item":"https:\/\/intasc.com\/pt\/"},{"@type":"ListItem","position":2,"name":"Sobre N\u00f3s"}]},{"@type":"WebSite","@id":"https:\/\/intasc.com\/pt\/#website","url":"https:\/\/intasc.com\/pt\/","name":"intasc","description":"","publisher":{"@id":"https:\/\/intasc.com\/pt\/#organization"},"potentialAction":[{"@type":"SearchAction","target":{"@type":"EntryPoint","urlTemplate":"https:\/\/intasc.com\/pt\/?s={search_term_string}"},"query-input":{"@type":"PropertyValueSpecification","valueRequired":true,"valueName":"search_term_string"}}],"inLanguage":"en-US"},{"@type":"Organization","@id":"https:\/\/intasc.com\/pt\/#organization","name":"intasc","url":"https:\/\/intasc.com\/pt\/","logo":{"@type":"ImageObject","inLanguage":"en-US","@id":"https:\/\/intasc.com\/pt\/#\/schema\/logo\/image\/","url":"https:\/\/mlmpmsbezgus.i.optimole.com\/w:auto\/h:auto\/q:mauto\/ig:avif\/https:\/\/intasc.com\/pt\/wp-content\/uploads\/2024\/04\/Logo-cortado.jpeg","contentUrl":"https:\/\/mlmpmsbezgus.i.optimole.com\/w:auto\/h:auto\/q:mauto\/ig:avif\/https:\/\/intasc.com\/pt\/wp-content\/uploads\/2024\/04\/Logo-cortado.jpeg","width":191,"height":87,"caption":"intasc"},"image":{"@id":"https:\/\/intasc.com\/pt\/#\/schema\/logo\/image\/"},"sameAs":["https:\/\/www.linkedin.com\/company\/intasc"]}]}},"_links":{"self":[{"href":"https:\/\/intasc.com\/pt\/wp-json\/wp\/v2\/pages\/442","targetHints":{"allow":["GET"]}}],"collection":[{"href":"https:\/\/intasc.com\/pt\/wp-json\/wp\/v2\/pages"}],"about":[{"href":"https:\/\/intasc.com\/pt\/wp-json\/wp\/v2\/types\/page"}],"author":[{"embeddable":true,"href":"https:\/\/intasc.com\/pt\/wp-json\/wp\/v2\/users\/1"}],"replies":[{"embeddable":true,"href":"https:\/\/intasc.com\/pt\/wp-json\/wp\/v2\/comments?post=442"}],"version-history":[{"count":55,"href":"https:\/\/intasc.com\/pt\/wp-json\/wp\/v2\/pages\/442\/revisions"}],"predecessor-version":[{"id":637,"href":"https:\/\/intasc.com\/pt\/wp-json\/wp\/v2\/pages\/442\/revisions\/637"}],"wp:attachment":[{"href":"https:\/\/intasc.com\/pt\/wp-json\/wp\/v2\/media?parent=442"}],"curies":[{"name":"wp","href":"https:\/\/api.w.org\/{rel}","templated":true}]}}