{"id":243,"date":"2024-05-05T17:19:31","date_gmt":"2024-05-05T17:19:31","guid":{"rendered":"https:\/\/intasc.com\/pt\/?page_id=243"},"modified":"2024-05-05T17:33:43","modified_gmt":"2024-05-05T17:33:43","slug":"politica-de-privacidade","status":"publish","type":"page","link":"https:\/\/intasc.com\/pt\/politica-de-privacidade\/","title":{"rendered":"POL\u00cdTICA DE PRIVACIDADE"},"content":{"rendered":"\t\t<div data-elementor-type=\"wp-page\" data-elementor-id=\"243\" class=\"elementor elementor-243\">\n\t\t\t\t<div class=\"elementor-element elementor-element-d9e73d9 e-flex e-con-boxed e-con e-parent\" data-id=\"d9e73d9\" data-element_type=\"container\">\n\t\t\t\t\t<div class=\"e-con-inner\">\n\t\t\t\t<div class=\"elementor-element elementor-element-379b6013 elementor-widget elementor-widget-text-editor\" data-id=\"379b6013\" data-element_type=\"widget\" data-widget_type=\"text-editor.default\">\n\t\t\t\t<div class=\"elementor-widget-container\">\n\t\t\t\t\t\t\t<h4><span style=\"font-weight: 400;\">Para a equipa<strong>\u00a0INTASC<\/strong>, a privacidade dos clientes e utilizadores do site \u00e9 de m\u00e1xima import\u00e2ncia. Desta forma, serve a presente Pol\u00edtica de Privacidade para informar sobre o nosso compromisso e respeito perante as regras de privacidade e prote\u00e7\u00e3o de dados pessoais.<\/span><\/h4>\n<h4><span style=\"font-weight: 400;\">Todas as informa\u00e7\u00f5es pessoais recolhidas, em formul\u00e1rios de contacto, caixas de coment\u00e1rios, compras ou subscri\u00e7\u00f5es, ser\u00e3o utilizadas de forma a melhorar a experi\u00eancia no site e a proporcionar um uso mais produtivo e agrad\u00e1vel do mesmo. A garantia da confidencialidade dos dados pessoais dos utilizadores do nosso site \u00e9 fundamental para n\u00f3s.<\/span><\/h4>\n<h4><span style=\"font-weight: 400;\">A equipa<strong>\u00a0INTASC<\/strong>\u00a0reserva-se o direito de alterar este acordo sem aviso pr\u00e9vio. Deste modo, recomendamos que consulte a nossa pol\u00edtica de privacidade com regularidade de forma a estar sempre atualizado.<\/span><\/h4>\n<h4><span style=\"font-weight: 400;\">O tratamento dos dados pessoais pela<strong>\u00a0INTASC<\/strong>\u00a0est\u00e1 em conformidade com o Regulamento (UE) 2016\/679, de 27 de abril de 2016, relativo \u00e0 prote\u00e7\u00e3o das pessoas singulares quanto ao tratamento de dados pessoais e \u00e0 livre circula\u00e7\u00e3o desses dados e que revoga a Diretiva 95\/46\/CE (Regulamento Geral da Prote\u00e7\u00e3o de Dados).<\/span><\/h4>\n<h4><span style=\"font-weight: 400;\">Atrav\u00e9s desta pol\u00edtica de privacidade, a<strong>\u00a0INTASC<\/strong>\u00a0informa-o(a) acerca da natureza, do alcance, assim como da finalidade dos dados pessoais coletados, usados e tratados. Esta pol\u00edtica e documento informam-no(a), ainda, enquanto titular de dados, dos direitos que o(a) assistem.<\/span><\/h4>\n<h4><span style=\"font-weight: 400;\"><strong>QUEM SOMOS<\/strong><\/span><\/h4>\n<h4><span style=\"font-weight: 400;\"><strong>INTASC<\/strong>\u00a0\u00e9 uma plataforma de divulga\u00e7\u00e3o dos servi\u00e7os e produtos disponibilizados pelo fundador Ricardo Duarte.<\/span><\/h4>\n<h4><span style=\"font-weight: 400;\"><strong>DADOS RECOLHIDOS<\/strong><\/span><\/h4>\n<h4><span style=\"font-weight: 400;\"><strong>Formul\u00e1rio de registo no website\u00a0<\/strong>\u2013 quando um utilizador se regista no nosso website, preenchendo o formul\u00e1rio s\u00e3o recolhidos dados pessoais como nome, email, localiza\u00e7\u00e3o, entre outros. Formul\u00e1rios de contacto ou coment\u00e1rios \u2013 quando um utilizador preenche um formul\u00e1rio de contacto ou deixa um coment\u00e1rio no nosso site, s\u00e3o recolhidos os dados exibidos no formul\u00e1rio e tamb\u00e9m o endere\u00e7o de IP do visitante.<\/span><\/h4>\n<h4><span style=\"font-weight: 400;\"><strong>Cookies<\/strong>\u00a0\u2013 Os cookies s\u00e3o curtos ficheiros de texto com informa\u00e7\u00f5es relevantes que o seu browser processa, quando um site \u00e9 visitado por um utilizador. Utilizamos cookies para armazenar informa\u00e7\u00e3o, tais como as suas prefer\u00eancias pessoais, quando visita o site. A coloca\u00e7\u00e3o de cookies ajuda o site a reconhecer o dispositivo (tablet, desktop, mobile, etc) do utilizador sempre que nos visita. Os cookies ret\u00eam apenas informa\u00e7\u00e3o relacionada com as suas prefer\u00eancias, n\u00e3o revelando dados pessoais.<\/span><\/h4>\n<h4><span style=\"font-weight: 400;\"><strong>Google Analytics<\/strong>\u00a0\u2013 Usamos o Google Analytics para registar informa\u00e7\u00f5es sobre as p\u00e1ginas que um utilizador viu, por exemplo, o URL da p\u00e1gina, a hora do dia, o dispositivo usado, etc. As informa\u00e7\u00f5es que coletamos s\u00e3o anonimizadas e enviadas ao Google Analytics para an\u00e1lise. O Google Analytics usa principalmente cookies prim\u00e1rios para informar sobre as intera\u00e7\u00f5es dos visitantes neste site. Os utilizadores podem desativar os cookies ou excluir qualquer cookie individual. O Google Analytics tamb\u00e9m coleta endere\u00e7os IP para fornecer e proteger a seguran\u00e7a do servi\u00e7o e para dar aos propriet\u00e1rios de websites uma no\u00e7\u00e3o de que pa\u00eds, estado ou cidade do mundo os utilizadores s\u00e3o provenientes (tamb\u00e9m conhecido como \u201cgeolocaliza\u00e7\u00e3o por IP\u201d). Os dados do Google Analytics s\u00e3o retidos por 38 meses.<\/span><\/h4>\n<h4><span style=\"font-weight: 400;\"><strong>LIGA\u00c7\u00d5ES A SITES DE TERCEIROS<\/strong><\/span><\/h4>\n<h4><span style=\"font-weight: 400;\">Ocasionalmente o website<strong>\u00a0INTASC<\/strong>, possui liga\u00e7\u00f5es para outros sites que, na nossa perspetiva, podem conter informa\u00e7\u00f5es\/ferramentas \u00fateis para os nossos utilizadores. A nossa pol\u00edtica de privacidade n\u00e3o \u00e9 aplicada a sites de terceiros, pelo que, caso visite outro site a partir do nosso, dever\u00e1 ler a pol\u00edtica de privacidade do mesmo. N\u00e3o nos responsabilizamos pela pol\u00edtica de privacidade ou conte\u00fado presente nesses mesmos sites.<\/span><\/h4>\n<h4><span style=\"font-weight: 400;\"><strong>EST\u00c3O A SER RECOLHIDOS E TRATADOS DADOS PESSOAIS CONSIDERADOS SENS\u00cdVEIS?<\/strong><\/span><\/h4>\n<h4><span style=\"font-weight: 400;\">De forma ativa n\u00e3o promovemos a recolha de qualquer dado pessoal que possa ser considerado sens\u00edvel. De qualquer forma \u00e9 poss\u00edvel que nos sejam enviados dados pessoais desta natureza por email, sendo que os mesmos ser\u00e3o tratados de forma sigilosa e apenas durante o tempo necess\u00e1rio para o fim a que se destinam.<\/span><\/h4>\n<h4><span style=\"font-weight: 400;\"><strong>PARA QUE EFEITO UTILIZAMOS OS SEUS DADOS<\/strong><\/span><\/h4>\n<h4><span style=\"font-weight: 400;\">Utilizamos os seus dados para:<\/span><\/h4>\n<h4><span style=\"font-weight: 400;\">\u2013 Operar e manter o website<\/span><\/h4>\n<h4><span style=\"font-weight: 400;\">\u2013 Fornecer informa\u00e7\u00e3o e conte\u00fado de interesse para o utilizador<\/span><\/h4>\n<h4><span style=\"font-weight: 400;\">\u2013 Melhorar o funcionamento do website, incluindo a gest\u00e3o e prioriza\u00e7\u00e3o de conte\u00fados<\/span><\/h4>\n<h4><span style=\"font-weight: 400;\">\u2013 Adicionar \u00e0 nossa mailing list para comunicar produtos e\/ou servi\u00e7os relacionados com as tem\u00e1ticas abordadas no site<\/span><\/h4>\n<h4><span style=\"font-weight: 400;\">\u2013 Fornecer suporte ou apoio ao utilizador<\/span><\/h4>\n<h4><span style=\"font-weight: 400;\">Em nenhum momento fornecemos os seus dados a empresas externas ou os utilizaremos para qualquer efeito que n\u00e3o os discriminados acima.<strong>\u00a0INTASC\u00a0<\/strong>\u00e9 o controlador legal dos dados, determina os prop\u00f3sitos e meios de processamento, toma medidas razo\u00e1veis para proteger as informa\u00e7\u00f5es pessoais de acesso, divulga\u00e7\u00e3o, altera\u00e7\u00e3o ou destrui\u00e7\u00e3o e mant\u00e9m os dados pessoais precisos e atualizados.<\/span><\/h4>\n<h4><span style=\"font-weight: 400;\"><strong>AN\u00daNCIOS<\/strong><\/span><\/h4>\n<h4><span style=\"font-weight: 400;\">Tal como outros websites, coletamos e utilizamos informa\u00e7\u00e3o contida nos an\u00fancios. A informa\u00e7\u00e3o contida nos an\u00fancios, inclui o seu endere\u00e7o IP (Internet Protocol), o seu ISP (Internet Service Provider), o browser que utilizou ao visitar o nosso website (como o Internet Explorer ou o Chrome), o tempo da sua visita e que p\u00e1ginas visitou dentro do nosso website. Poderemos utilizar os dados recolhidos para a realiza\u00e7\u00e3o de an\u00fancios em plataformas como o Facebook, Instagram, LinkedIn, Google, Twitter e Pinterest.<\/span><\/h4>\n<h4><span style=\"font-weight: 400;\"><strong>EST\u00c1 A RECEBER EMAILS NOSSOS?<\/strong><\/span><\/h4>\n<h4><span style=\"font-weight: 400;\">Quando se regista no nosso website, preenche um dos formul\u00e1rios de contacto, efetua uma compra, participar num dos passatempos realizados ou faz a subscri\u00e7\u00e3o da newsletter, os dados fornecidos ser\u00e3o usados para comunica\u00e7\u00e3o da marca, via email.<\/span><\/h4>\n<h4><span style=\"font-weight: 400;\"><strong>POR QUANTO TEMPO GUARDAMOS OS SEUS DADOS<\/strong><\/span><\/h4>\n<h4><span style=\"font-weight: 400;\">Salvo raras exce\u00e7\u00f5es de tempo mais curto, como por exemplo o Google Analytics, os seus dados s\u00e3o mantidos indefinidamente.<\/span><\/h4>\n<h4><span style=\"font-weight: 400;\"><strong>QUER ELIMINAR OU ALTERAR OS SEUS DADOS?<\/strong><\/span><\/h4>\n<h4><span style=\"font-weight: 400;\">Todos os Utilizadores e Clientes t\u00eam direito de acesso, retifica\u00e7\u00e3o, cancelamento, oposi\u00e7\u00e3o e exclus\u00e3o dos seus dados pessoais. Caso pretenda, a qualquer momento, exercer os seus direitos poder\u00e1 realiz\u00e1-lo atrav\u00e9s do e-mail para\u00a0<strong><span style=\"color: #860f0f;\"><a style=\"color: #860f0f;\" href=\"mailto:info@intasc.com\">info@intasc.com<\/a><\/span><\/strong>.<\/span><\/h4>\n\t\t\t\t\t\t<\/div>\n\t\t\t\t<\/div>\n\t\t\t\t\t<\/div>\n\t\t\t\t<\/div>\n\t\t\t\t<\/div>\n\t\t","protected":false},"excerpt":{"rendered":"<p>Para a equipa\u00a0INTASC, a privacidade dos clientes e utilizadores do site \u00e9 de m\u00e1xima import\u00e2ncia. Desta forma, serve a presente Pol\u00edtica de Privacidade para informar sobre o nosso compromisso e respeito perante as regras de privacidade e prote\u00e7\u00e3o de dados pessoais. Todas as informa\u00e7\u00f5es pessoais recolhidas, em formul\u00e1rios de contacto, caixas de coment\u00e1rios, compras ou&hellip;&nbsp;<a href=\"https:\/\/intasc.com\/pt\/politica-de-privacidade\/\" rel=\"bookmark\">Read More &raquo;<span class=\"screen-reader-text\">POL\u00cdTICA DE PRIVACIDADE<\/span><\/a><\/p>\n","protected":false},"author":1,"featured_media":0,"parent":0,"menu_order":0,"comment_status":"closed","ping_status":"closed","template":"page-templates\/template-pagebuilder-full-width.php","meta":{"neve_meta_sidebar":"full-width","neve_meta_container":"contained","neve_meta_enable_content_width":"","neve_meta_content_width":0,"neve_meta_title_alignment":"center","neve_meta_author_avatar":"","neve_post_elements_order":"","neve_meta_disable_header":"off","neve_meta_disable_footer":"","neve_meta_disable_title":"","footnotes":""},"class_list":["post-243","page","type-page","status-publish","hentry"],"yoast_head":"<!-- This site is optimized with the Yoast SEO plugin v26.8 - https:\/\/yoast.com\/product\/yoast-seo-wordpress\/ -->\n<title>POL\u00cdTICA DE PRIVACIDADE -<\/title>\n<meta name=\"robots\" content=\"index, follow, max-snippet:-1, max-image-preview:large, max-video-preview:-1\" \/>\n<link rel=\"canonical\" href=\"https:\/\/intasc.com\/pt\/politica-de-privacidade\/\" \/>\n<meta property=\"og:locale\" content=\"en_US\" \/>\n<meta property=\"og:type\" content=\"article\" \/>\n<meta property=\"og:title\" content=\"POL\u00cdTICA DE PRIVACIDADE -\" \/>\n<meta property=\"og:description\" content=\"Para a equipa\u00a0INTASC, a privacidade dos clientes e utilizadores do site \u00e9 de m\u00e1xima import\u00e2ncia. Desta forma, serve a presente Pol\u00edtica de Privacidade para informar sobre o nosso compromisso e respeito perante as regras de privacidade e prote\u00e7\u00e3o de dados pessoais. Todas as informa\u00e7\u00f5es pessoais recolhidas, em formul\u00e1rios de contacto, caixas de coment\u00e1rios, compras ou&hellip;&nbsp;Read More &raquo;POL\u00cdTICA DE PRIVACIDADE\" \/>\n<meta property=\"og:url\" content=\"https:\/\/intasc.com\/pt\/politica-de-privacidade\/\" \/>\n<meta property=\"article:modified_time\" content=\"2024-05-05T17:33:43+00:00\" \/>\n<meta name=\"twitter:card\" content=\"summary_large_image\" \/>\n<meta name=\"twitter:label1\" content=\"Est. reading time\" \/>\n\t<meta name=\"twitter:data1\" content=\"5 minutes\" \/>\n<script type=\"application\/ld+json\" class=\"yoast-schema-graph\">{\"@context\":\"https:\/\/schema.org\",\"@graph\":[{\"@type\":\"WebPage\",\"@id\":\"https:\/\/intasc.com\/pt\/politica-de-privacidade\/\",\"url\":\"https:\/\/intasc.com\/pt\/politica-de-privacidade\/\",\"name\":\"POL\u00cdTICA DE PRIVACIDADE -\",\"isPartOf\":{\"@id\":\"https:\/\/intasc.com\/pt\/#website\"},\"datePublished\":\"2024-05-05T17:19:31+00:00\",\"dateModified\":\"2024-05-05T17:33:43+00:00\",\"breadcrumb\":{\"@id\":\"https:\/\/intasc.com\/pt\/politica-de-privacidade\/#breadcrumb\"},\"inLanguage\":\"en-US\",\"potentialAction\":[{\"@type\":\"ReadAction\",\"target\":[\"https:\/\/intasc.com\/pt\/politica-de-privacidade\/\"]}]},{\"@type\":\"BreadcrumbList\",\"@id\":\"https:\/\/intasc.com\/pt\/politica-de-privacidade\/#breadcrumb\",\"itemListElement\":[{\"@type\":\"ListItem\",\"position\":1,\"name\":\"Home\",\"item\":\"https:\/\/intasc.com\/pt\/\"},{\"@type\":\"ListItem\",\"position\":2,\"name\":\"POL\u00cdTICA DE PRIVACIDADE\"}]},{\"@type\":\"WebSite\",\"@id\":\"https:\/\/intasc.com\/pt\/#website\",\"url\":\"https:\/\/intasc.com\/pt\/\",\"name\":\"intasc\",\"description\":\"\",\"publisher\":{\"@id\":\"https:\/\/intasc.com\/pt\/#organization\"},\"potentialAction\":[{\"@type\":\"SearchAction\",\"target\":{\"@type\":\"EntryPoint\",\"urlTemplate\":\"https:\/\/intasc.com\/pt\/?s={search_term_string}\"},\"query-input\":{\"@type\":\"PropertyValueSpecification\",\"valueRequired\":true,\"valueName\":\"search_term_string\"}}],\"inLanguage\":\"en-US\"},{\"@type\":\"Organization\",\"@id\":\"https:\/\/intasc.com\/pt\/#organization\",\"name\":\"intasc\",\"url\":\"https:\/\/intasc.com\/pt\/\",\"logo\":{\"@type\":\"ImageObject\",\"inLanguage\":\"en-US\",\"@id\":\"https:\/\/intasc.com\/pt\/#\/schema\/logo\/image\/\",\"url\":\"https:\/\/mlmpmsbezgus.i.optimole.com\/w:auto\/h:auto\/q:mauto\/ig:avif\/https:\/\/intasc.com\/pt\/wp-content\/uploads\/2024\/04\/Logo-cortado.jpeg\",\"contentUrl\":\"https:\/\/mlmpmsbezgus.i.optimole.com\/w:auto\/h:auto\/q:mauto\/ig:avif\/https:\/\/intasc.com\/pt\/wp-content\/uploads\/2024\/04\/Logo-cortado.jpeg\",\"width\":191,\"height\":87,\"caption\":\"intasc\"},\"image\":{\"@id\":\"https:\/\/intasc.com\/pt\/#\/schema\/logo\/image\/\"},\"sameAs\":[\"https:\/\/www.linkedin.com\/company\/intasc\"]}]}<\/script>\n<!-- \/ Yoast SEO plugin. -->","yoast_head_json":{"title":"POL\u00cdTICA DE PRIVACIDADE -","robots":{"index":"index","follow":"follow","max-snippet":"max-snippet:-1","max-image-preview":"max-image-preview:large","max-video-preview":"max-video-preview:-1"},"canonical":"https:\/\/intasc.com\/pt\/politica-de-privacidade\/","og_locale":"en_US","og_type":"article","og_title":"POL\u00cdTICA DE PRIVACIDADE -","og_description":"Para a equipa\u00a0INTASC, a privacidade dos clientes e utilizadores do site \u00e9 de m\u00e1xima import\u00e2ncia. Desta forma, serve a presente Pol\u00edtica de Privacidade para informar sobre o nosso compromisso e respeito perante as regras de privacidade e prote\u00e7\u00e3o de dados pessoais. Todas as informa\u00e7\u00f5es pessoais recolhidas, em formul\u00e1rios de contacto, caixas de coment\u00e1rios, compras ou&hellip;&nbsp;Read More &raquo;POL\u00cdTICA DE PRIVACIDADE","og_url":"https:\/\/intasc.com\/pt\/politica-de-privacidade\/","article_modified_time":"2024-05-05T17:33:43+00:00","twitter_card":"summary_large_image","twitter_misc":{"Est. reading time":"5 minutes"},"schema":{"@context":"https:\/\/schema.org","@graph":[{"@type":"WebPage","@id":"https:\/\/intasc.com\/pt\/politica-de-privacidade\/","url":"https:\/\/intasc.com\/pt\/politica-de-privacidade\/","name":"POL\u00cdTICA DE PRIVACIDADE -","isPartOf":{"@id":"https:\/\/intasc.com\/pt\/#website"},"datePublished":"2024-05-05T17:19:31+00:00","dateModified":"2024-05-05T17:33:43+00:00","breadcrumb":{"@id":"https:\/\/intasc.com\/pt\/politica-de-privacidade\/#breadcrumb"},"inLanguage":"en-US","potentialAction":[{"@type":"ReadAction","target":["https:\/\/intasc.com\/pt\/politica-de-privacidade\/"]}]},{"@type":"BreadcrumbList","@id":"https:\/\/intasc.com\/pt\/politica-de-privacidade\/#breadcrumb","itemListElement":[{"@type":"ListItem","position":1,"name":"Home","item":"https:\/\/intasc.com\/pt\/"},{"@type":"ListItem","position":2,"name":"POL\u00cdTICA DE PRIVACIDADE"}]},{"@type":"WebSite","@id":"https:\/\/intasc.com\/pt\/#website","url":"https:\/\/intasc.com\/pt\/","name":"intasc","description":"","publisher":{"@id":"https:\/\/intasc.com\/pt\/#organization"},"potentialAction":[{"@type":"SearchAction","target":{"@type":"EntryPoint","urlTemplate":"https:\/\/intasc.com\/pt\/?s={search_term_string}"},"query-input":{"@type":"PropertyValueSpecification","valueRequired":true,"valueName":"search_term_string"}}],"inLanguage":"en-US"},{"@type":"Organization","@id":"https:\/\/intasc.com\/pt\/#organization","name":"intasc","url":"https:\/\/intasc.com\/pt\/","logo":{"@type":"ImageObject","inLanguage":"en-US","@id":"https:\/\/intasc.com\/pt\/#\/schema\/logo\/image\/","url":"https:\/\/mlmpmsbezgus.i.optimole.com\/w:auto\/h:auto\/q:mauto\/ig:avif\/https:\/\/intasc.com\/pt\/wp-content\/uploads\/2024\/04\/Logo-cortado.jpeg","contentUrl":"https:\/\/mlmpmsbezgus.i.optimole.com\/w:auto\/h:auto\/q:mauto\/ig:avif\/https:\/\/intasc.com\/pt\/wp-content\/uploads\/2024\/04\/Logo-cortado.jpeg","width":191,"height":87,"caption":"intasc"},"image":{"@id":"https:\/\/intasc.com\/pt\/#\/schema\/logo\/image\/"},"sameAs":["https:\/\/www.linkedin.com\/company\/intasc"]}]}},"_links":{"self":[{"href":"https:\/\/intasc.com\/pt\/wp-json\/wp\/v2\/pages\/243","targetHints":{"allow":["GET"]}}],"collection":[{"href":"https:\/\/intasc.com\/pt\/wp-json\/wp\/v2\/pages"}],"about":[{"href":"https:\/\/intasc.com\/pt\/wp-json\/wp\/v2\/types\/page"}],"author":[{"embeddable":true,"href":"https:\/\/intasc.com\/pt\/wp-json\/wp\/v2\/users\/1"}],"replies":[{"embeddable":true,"href":"https:\/\/intasc.com\/pt\/wp-json\/wp\/v2\/comments?post=243"}],"version-history":[{"count":7,"href":"https:\/\/intasc.com\/pt\/wp-json\/wp\/v2\/pages\/243\/revisions"}],"predecessor-version":[{"id":318,"href":"https:\/\/intasc.com\/pt\/wp-json\/wp\/v2\/pages\/243\/revisions\/318"}],"wp:attachment":[{"href":"https:\/\/intasc.com\/pt\/wp-json\/wp\/v2\/media?parent=243"}],"curies":[{"name":"wp","href":"https:\/\/api.w.org\/{rel}","templated":true}]}}