{"id":164,"date":"2024-04-04T15:23:36","date_gmt":"2024-04-04T15:23:36","guid":{"rendered":"https:\/\/intasc.com\/pt\/?page_id=164"},"modified":"2024-10-17T14:50:20","modified_gmt":"2024-10-17T13:50:20","slug":"contacto","status":"publish","type":"page","link":"https:\/\/intasc.com\/pt\/contacto\/","title":{"rendered":"Contacto"},"content":{"rendered":"\t\t<div data-elementor-type=\"wp-page\" data-elementor-id=\"164\" class=\"elementor elementor-164\">\n\t\t\t\t<div class=\"elementor-element elementor-element-b1d4fb3 e-flex e-con-boxed e-con e-parent\" data-id=\"b1d4fb3\" data-element_type=\"container\">\n\t\t\t\t\t<div class=\"e-con-inner\">\n\t\t\t\t<div class=\"elementor-element elementor-element-b315b87 elementor-widget elementor-widget-image\" data-id=\"b315b87\" data-element_type=\"widget\" data-widget_type=\"image.default\">\n\t\t\t\t<div class=\"elementor-widget-container\">\n\t\t\t\t\t\t\t\t\t\t\t\t\t<img fetchpriority=\"high\" decoding=\"async\" width=\"640\" height=\"427\" src=\"https:\/\/mlmpmsbezgus.i.optimole.com\/w:auto\/h:auto\/q:mauto\/ig:avif\/https:\/\/intasc.com\/pt\/wp-content\/uploads\/2024\/04\/contact-us-4193401_640-1.jpg\" class=\"attachment-large size-large wp-image-106\" alt=\"Contato Intasc\" \/>\t\t\t\t\t\t\t\t\t\t\t\t\t<\/div>\n\t\t\t\t<\/div>\n\t\t\t\t\t<\/div>\n\t\t\t\t<\/div>\n\t\t<div class=\"elementor-element elementor-element-03291b9 e-flex e-con-boxed e-con e-parent\" data-id=\"03291b9\" data-element_type=\"container\">\n\t\t\t\t\t<div class=\"e-con-inner\">\n\t\t\t\t<div class=\"elementor-element elementor-element-776779a elementor-widget elementor-widget-text-editor\" data-id=\"776779a\" data-element_type=\"widget\" data-widget_type=\"text-editor.default\">\n\t\t\t\t<div class=\"elementor-widget-container\">\n\t\t\t\t\t\t\t<h4><span style=\"font-weight: 400;\">Contacte-nos, por favor, em <\/span><span style=\"font-weight: 400;\"><a href=\"mailto:info@instasc.com\"><strong><span style=\"text-decoration-line: underline;\"><span style=\"color: #860f0f;\">info@intasc.com<\/span> <\/span><\/strong><\/a> ou utilize o formul\u00e1rio de contacto abaixo para nos deixar uma mensagem ou agendar uma reuni\u00e3o online gratuita de 30 minutos, onde poderemos perceber as suas necessidades e enviar uma oferta ajustada<\/span><span style=\"font-weight: 400;\">.<\/span><\/h4>\t\t\t\t\t\t<\/div>\n\t\t\t\t<\/div>\n\t\t\t\t\t<\/div>\n\t\t\t\t<\/div>\n\t\t<div class=\"elementor-element elementor-element-a36d7e8 e-flex e-con-boxed e-con e-parent\" data-id=\"a36d7e8\" data-element_type=\"container\">\n\t\t\t\t\t<div class=\"e-con-inner\">\n\t\t\t\t<div class=\"elementor-element elementor-element-ec582a0 elementor-widget elementor-widget-wpforms\" data-id=\"ec582a0\" data-element_type=\"widget\" data-widget_type=\"wpforms.default\">\n\t\t\t\t<div class=\"elementor-widget-container\">\n\t\t\t<style id=\"wpforms-css-vars-elementor-widget-ec582a0\">\n\t\t\t\t.elementor-widget-wpforms.elementor-element-ec582a0 {\n\t\t\t\t--wpforms-field-border-color: #AC6363;\n--wpforms-field-border-color-spare: #AC6363;\n--wpforms-field-text-color: #545B5E;\n--wpforms-button-background-color: #860F0F;\n\t\t\t}\n\t\t\t<\/style><div class=\"wpforms-container wpforms-container-full wpforms-render-modern\" id=\"wpforms-170\"><form id=\"wpforms-form-170\" class=\"wpforms-validate wpforms-form wpforms-ajax-form\" data-formid=\"170\" method=\"post\" enctype=\"multipart\/form-data\" action=\"\/pt\/wp-json\/wp\/v2\/pages\/164\" data-token=\"082bb4dbe85fb557cb67d711482c8ef8\" data-token-time=\"1778250515\"><noscript class=\"wpforms-error-noscript\">Please enable JavaScript in your browser to complete this form.<\/noscript><div id=\"wpforms-error-noscript\" style=\"display: none;\">Please enable JavaScript in your browser to complete this form.<\/div><div class=\"wpforms-field-container\"><div id=\"wpforms-170-field_1-container\" class=\"wpforms-field wpforms-field-text\" data-field-id=\"1\"><label class=\"wpforms-field-label\" for=\"wpforms-170-field_1\">Nome <span class=\"wpforms-required-label\" aria-hidden=\"true\">*<\/span><\/label><input type=\"text\" id=\"wpforms-170-field_1\" class=\"wpforms-field-small wpforms-field-required\" name=\"wpforms[fields][1]\" aria-errormessage=\"wpforms-170-field_1-error\" required><\/div><div id=\"wpforms-170-field_2-container\" class=\"wpforms-field wpforms-field-text\" data-field-id=\"2\"><label class=\"wpforms-field-label\" for=\"wpforms-170-field_2\">Pa\u00eds <span class=\"wpforms-required-label\" aria-hidden=\"true\">*<\/span><\/label><input type=\"text\" id=\"wpforms-170-field_2\" class=\"wpforms-field-small wpforms-field-required\" name=\"wpforms[fields][2]\" aria-errormessage=\"wpforms-170-field_2-error\" required><\/div><div id=\"wpforms-170-field_3-container\" class=\"wpforms-field wpforms-field-text\" data-field-id=\"3\"><label class=\"wpforms-field-label\" for=\"wpforms-170-field_3\">Email <span class=\"wpforms-required-label\" aria-hidden=\"true\">*<\/span><\/label><input type=\"text\" id=\"wpforms-170-field_3\" class=\"wpforms-field-medium wpforms-field-required\" name=\"wpforms[fields][3]\" aria-errormessage=\"wpforms-170-field_3-error\" required><\/div><div id=\"wpforms-170-field_4-container\" class=\"wpforms-field wpforms-field-text\" data-field-id=\"4\"><label class=\"wpforms-field-label\" for=\"wpforms-170-field_4\">Empresa <span class=\"wpforms-required-label\" aria-hidden=\"true\">*<\/span><\/label><input type=\"text\" id=\"wpforms-170-field_4\" class=\"wpforms-field-medium wpforms-field-required\" name=\"wpforms[fields][4]\" aria-errormessage=\"wpforms-170-field_4-error\" required><\/div><div id=\"wpforms-170-field_5-container\" class=\"wpforms-field wpforms-field-text\" data-field-id=\"5\"><label class=\"wpforms-field-label\" for=\"wpforms-170-field_5\">Cargo <span class=\"wpforms-required-label\" aria-hidden=\"true\">*<\/span><\/label><input type=\"text\" id=\"wpforms-170-field_5\" class=\"wpforms-field-medium wpforms-field-required\" name=\"wpforms[fields][5]\" aria-errormessage=\"wpforms-170-field_5-error\" required><\/div><div id=\"wpforms-170-field_6-container\" class=\"wpforms-field wpforms-field-textarea\" data-field-id=\"6\"><label class=\"wpforms-field-label\" for=\"wpforms-170-field_6\">Mensagem <span class=\"wpforms-required-label\" aria-hidden=\"true\">*<\/span><\/label><textarea id=\"wpforms-170-field_6\" class=\"wpforms-field-medium wpforms-field-required\" name=\"wpforms[fields][6]\" aria-errormessage=\"wpforms-170-field_6-error\" required><\/textarea><\/div><\/div><!-- .wpforms-field-container --><div class=\"wpforms-submit-container\" ><input type=\"hidden\" name=\"wpforms[id]\" value=\"170\"><input type=\"hidden\" name=\"page_title\" value=\"\"><input type=\"hidden\" name=\"page_url\" value=\"https:\/\/intasc.com\/pt\/wp-json\/wp\/v2\/pages\/164\"><input type=\"hidden\" name=\"url_referer\" value=\"\"><button type=\"submit\" name=\"wpforms[submit]\" id=\"wpforms-submit-170\" class=\"wpforms-submit\" data-alt-text=\"A enviar...\" data-submit-text=\"Enviar\" aria-live=\"assertive\" value=\"wpforms-submit\">Enviar<\/button><img fetchpriority=\"high\" decoding=\"async\" src=\"https:\/\/mlmpmsbezgus.i.optimole.com\/w:auto\/h:auto\/q:mauto\/ig:avif\/https:\/\/intasc.com\/pt\/wp-content\/plugins\/wpforms-lite\/assets\/images\/submit-spin.svg\" class=\"wpforms-submit-spinner\" style=\"display: none;\" width=\"26\" height=\"26\" alt=\"Loading\"><\/div><\/form><\/div>  <!-- .wpforms-container -->\t\t<\/div>\n\t\t\t\t<\/div>\n\t\t\t\t\t<\/div>\n\t\t\t\t<\/div>\n\t\t<div class=\"elementor-element elementor-element-0ba7d5f e-flex e-con-boxed e-con e-parent\" data-id=\"0ba7d5f\" data-element_type=\"container\">\n\t\t\t\t\t<div class=\"e-con-inner\">\n\t\t\t\t<div class=\"elementor-element elementor-element-8fd239d elementor-widget-divider--view-line elementor-widget elementor-widget-divider\" data-id=\"8fd239d\" data-element_type=\"widget\" data-widget_type=\"divider.default\">\n\t\t\t\t<div class=\"elementor-widget-container\">\n\t\t\t\t\t<div class=\"elementor-divider\">\n\t\t\t<span class=\"elementor-divider-separator\">\n\t\t\t\t\t\t<\/span>\n\t\t<\/div>\n\t\t\t\t<\/div>\n\t\t\t\t<\/div>\n\t\t\t\t\t<\/div>\n\t\t\t\t<\/div>\n\t\t<div class=\"elementor-element elementor-element-5c9199a e-flex e-con-boxed e-con e-parent\" data-id=\"5c9199a\" data-element_type=\"container\">\n\t\t\t\t\t<div class=\"e-con-inner\">\n\t\t\t\t<div class=\"elementor-element elementor-element-f5558fb elementor-view-default elementor-widget elementor-widget-icon\" data-id=\"f5558fb\" data-element_type=\"widget\" data-widget_type=\"icon.default\">\n\t\t\t\t<div class=\"elementor-widget-container\">\n\t\t\t\t\t<div class=\"elementor-icon-wrapper\">\n\t\t\t<a class=\"elementor-icon\" href=\"http:\/\/www.linkedin.com\/company\/intasc\" target=\"_blank\">\n\t\t\t<i aria-hidden=\"true\" class=\"fab fa-linkedin-in\"><\/i>\t\t\t<\/a>\n\t\t<\/div>\n\t\t\t\t<\/div>\n\t\t\t\t<\/div>\n\t\t\t\t\t<\/div>\n\t\t\t\t<\/div>\n\t\t<div class=\"elementor-element elementor-element-3083138 e-flex e-con-boxed e-con e-parent\" data-id=\"3083138\" data-element_type=\"container\">\n\t\t\t\t\t<div class=\"e-con-inner\">\n\t\t\t\t<div class=\"elementor-element elementor-element-fe21fd0 elementor-widget elementor-widget-text-editor\" data-id=\"fe21fd0\" data-element_type=\"widget\" data-widget_type=\"text-editor.default\">\n\t\t\t\t<div class=\"elementor-widget-container\">\n\t\t\t\t\t\t\t<p style=\"text-align: center;\"><a href=\"https:\/\/intasc.com\/pt\/politica-de-privacidade\/\"><strong><span style=\"color: #860f0f;\">POL\u00cdTICA DE PRIVACIDADE<\/span><\/strong><\/a><\/p>\t\t\t\t\t\t<\/div>\n\t\t\t\t<\/div>\n\t\t\t\t\t<\/div>\n\t\t\t\t<\/div>\n\t\t\t\t<\/div>\n\t\t","protected":false},"excerpt":{"rendered":"<p>Contacte-nos, por favor, em info@intasc.com ou utilize o formul\u00e1rio de contacto abaixo para nos deixar uma mensagem ou agendar uma reuni\u00e3o online gratuita de 30 minutos, onde poderemos perceber as suas necessidades e enviar uma oferta ajustada. Please enable JavaScript in your browser to complete this form.Please enable JavaScript in your browser to complete this&hellip;&nbsp;<a href=\"https:\/\/intasc.com\/pt\/contacto\/\" rel=\"bookmark\">Read More &raquo;<span class=\"screen-reader-text\">Contacto<\/span><\/a><\/p>\n","protected":false},"author":1,"featured_media":0,"parent":0,"menu_order":0,"comment_status":"closed","ping_status":"closed","template":"elementor_header_footer","meta":{"neve_meta_sidebar":"","neve_meta_container":"","neve_meta_enable_content_width":"","neve_meta_content_width":0,"neve_meta_title_alignment":"","neve_meta_author_avatar":"","neve_post_elements_order":"","neve_meta_disable_header":"","neve_meta_disable_footer":"","neve_meta_disable_title":"","footnotes":""},"class_list":["post-164","page","type-page","status-publish","hentry"],"yoast_head":"<!-- This site is optimized with the Yoast SEO plugin v26.8 - https:\/\/yoast.com\/product\/yoast-seo-wordpress\/ -->\n<title>Contacto - Intasc - Consultoria em Com\u00e9rcio Internacional<\/title>\n<meta name=\"description\" content=\"Preencha o formul\u00e1rio ou contacte-nos para saber mais sobre os servi\u00e7os que prestamos (Prospe\u00e7\u00e3o, Compras e Vendas internacionais, Assist\u00eancia Virtual)\" \/>\n<meta name=\"robots\" content=\"index, follow, max-snippet:-1, max-image-preview:large, max-video-preview:-1\" \/>\n<link rel=\"canonical\" href=\"https:\/\/intasc.com\/pt\/contacto\/\" \/>\n<meta property=\"og:locale\" content=\"en_US\" \/>\n<meta property=\"og:type\" content=\"article\" \/>\n<meta property=\"og:title\" content=\"Contacto - Intasc - Consultoria em Com\u00e9rcio Internacional\" \/>\n<meta property=\"og:description\" content=\"Preencha o formul\u00e1rio ou contacte-nos para saber mais sobre os servi\u00e7os que prestamos (Prospe\u00e7\u00e3o, Compras e Vendas internacionais, Assist\u00eancia Virtual)\" \/>\n<meta property=\"og:url\" content=\"https:\/\/intasc.com\/pt\/contacto\/\" \/>\n<meta property=\"article:modified_time\" content=\"2024-10-17T13:50:20+00:00\" \/>\n<meta property=\"og:image\" content=\"https:\/\/mlmpmsbezgus.i.optimole.com\/w:auto\/h:auto\/q:mauto\/ig:avif\/https:\/\/intasc.com\/pt\/wp-content\/uploads\/2024\/04\/contact-us-4193401_640-1.jpg\" \/>\n\t<meta property=\"og:image:width\" content=\"640\" \/>\n\t<meta property=\"og:image:height\" content=\"427\" \/>\n\t<meta property=\"og:image:type\" content=\"image\/jpeg\" \/>\n<meta name=\"twitter:card\" content=\"summary_large_image\" \/>\n<meta name=\"twitter:label1\" content=\"Est. reading time\" \/>\n\t<meta name=\"twitter:data1\" content=\"1 minute\" \/>\n<script type=\"application\/ld+json\" class=\"yoast-schema-graph\">{\"@context\":\"https:\/\/schema.org\",\"@graph\":[{\"@type\":\"WebPage\",\"@id\":\"https:\/\/intasc.com\/pt\/contacto\/\",\"url\":\"https:\/\/intasc.com\/pt\/contacto\/\",\"name\":\"Contacto - Intasc - Consultoria em Com\u00e9rcio Internacional\",\"isPartOf\":{\"@id\":\"https:\/\/intasc.com\/pt\/#website\"},\"primaryImageOfPage\":{\"@id\":\"https:\/\/intasc.com\/pt\/contacto\/#primaryimage\"},\"image\":{\"@id\":\"https:\/\/intasc.com\/pt\/contacto\/#primaryimage\"},\"thumbnailUrl\":\"https:\/\/mlmpmsbezgus.i.optimole.com\/w:auto\/h:auto\/q:mauto\/ig:avif\/https:\/\/intasc.com\/pt\/wp-content\/uploads\/2024\/04\/contact-us-4193401_640-1.jpg\",\"datePublished\":\"2024-04-04T15:23:36+00:00\",\"dateModified\":\"2024-10-17T13:50:20+00:00\",\"description\":\"Preencha o formul\u00e1rio ou contacte-nos para saber mais sobre os servi\u00e7os que prestamos (Prospe\u00e7\u00e3o, Compras e Vendas internacionais, Assist\u00eancia Virtual)\",\"breadcrumb\":{\"@id\":\"https:\/\/intasc.com\/pt\/contacto\/#breadcrumb\"},\"inLanguage\":\"en-US\",\"potentialAction\":[{\"@type\":\"ReadAction\",\"target\":[\"https:\/\/intasc.com\/pt\/contacto\/\"]}]},{\"@type\":\"ImageObject\",\"inLanguage\":\"en-US\",\"@id\":\"https:\/\/intasc.com\/pt\/contacto\/#primaryimage\",\"url\":\"https:\/\/mlmpmsbezgus.i.optimole.com\/w:auto\/h:auto\/q:mauto\/ig:avif\/https:\/\/intasc.com\/pt\/wp-content\/uploads\/2024\/04\/contact-us-4193401_640-1.jpg\",\"contentUrl\":\"https:\/\/mlmpmsbezgus.i.optimole.com\/w:auto\/h:auto\/q:mauto\/ig:avif\/https:\/\/intasc.com\/pt\/wp-content\/uploads\/2024\/04\/contact-us-4193401_640-1.jpg\",\"width\":640,\"height\":427,\"caption\":\"Contato Intasc\"},{\"@type\":\"BreadcrumbList\",\"@id\":\"https:\/\/intasc.com\/pt\/contacto\/#breadcrumb\",\"itemListElement\":[{\"@type\":\"ListItem\",\"position\":1,\"name\":\"Home\",\"item\":\"https:\/\/intasc.com\/pt\/\"},{\"@type\":\"ListItem\",\"position\":2,\"name\":\"Contacto\"}]},{\"@type\":\"WebSite\",\"@id\":\"https:\/\/intasc.com\/pt\/#website\",\"url\":\"https:\/\/intasc.com\/pt\/\",\"name\":\"intasc\",\"description\":\"\",\"publisher\":{\"@id\":\"https:\/\/intasc.com\/pt\/#organization\"},\"potentialAction\":[{\"@type\":\"SearchAction\",\"target\":{\"@type\":\"EntryPoint\",\"urlTemplate\":\"https:\/\/intasc.com\/pt\/?s={search_term_string}\"},\"query-input\":{\"@type\":\"PropertyValueSpecification\",\"valueRequired\":true,\"valueName\":\"search_term_string\"}}],\"inLanguage\":\"en-US\"},{\"@type\":\"Organization\",\"@id\":\"https:\/\/intasc.com\/pt\/#organization\",\"name\":\"intasc\",\"url\":\"https:\/\/intasc.com\/pt\/\",\"logo\":{\"@type\":\"ImageObject\",\"inLanguage\":\"en-US\",\"@id\":\"https:\/\/intasc.com\/pt\/#\/schema\/logo\/image\/\",\"url\":\"https:\/\/mlmpmsbezgus.i.optimole.com\/w:auto\/h:auto\/q:mauto\/ig:avif\/https:\/\/intasc.com\/pt\/wp-content\/uploads\/2024\/04\/Logo-cortado.jpeg\",\"contentUrl\":\"https:\/\/mlmpmsbezgus.i.optimole.com\/w:auto\/h:auto\/q:mauto\/ig:avif\/https:\/\/intasc.com\/pt\/wp-content\/uploads\/2024\/04\/Logo-cortado.jpeg\",\"width\":191,\"height\":87,\"caption\":\"intasc\"},\"image\":{\"@id\":\"https:\/\/intasc.com\/pt\/#\/schema\/logo\/image\/\"},\"sameAs\":[\"https:\/\/www.linkedin.com\/company\/intasc\"]}]}<\/script>\n<!-- \/ Yoast SEO plugin. -->","yoast_head_json":{"title":"Contacto - Intasc - Consultoria em Com\u00e9rcio Internacional","description":"Preencha o formul\u00e1rio ou contacte-nos para saber mais sobre os servi\u00e7os que prestamos (Prospe\u00e7\u00e3o, Compras e Vendas internacionais, Assist\u00eancia Virtual)","robots":{"index":"index","follow":"follow","max-snippet":"max-snippet:-1","max-image-preview":"max-image-preview:large","max-video-preview":"max-video-preview:-1"},"canonical":"https:\/\/intasc.com\/pt\/contacto\/","og_locale":"en_US","og_type":"article","og_title":"Contacto - Intasc - Consultoria em Com\u00e9rcio Internacional","og_description":"Preencha o formul\u00e1rio ou contacte-nos para saber mais sobre os servi\u00e7os que prestamos (Prospe\u00e7\u00e3o, Compras e Vendas internacionais, Assist\u00eancia Virtual)","og_url":"https:\/\/intasc.com\/pt\/contacto\/","article_modified_time":"2024-10-17T13:50:20+00:00","og_image":[{"width":640,"height":427,"url":"https:\/\/mlmpmsbezgus.i.optimole.com\/w:auto\/h:auto\/q:mauto\/ig:avif\/https:\/\/intasc.com\/pt\/wp-content\/uploads\/2024\/04\/contact-us-4193401_640-1.jpg","type":"image\/jpeg"}],"twitter_card":"summary_large_image","twitter_misc":{"Est. reading time":"1 minute"},"schema":{"@context":"https:\/\/schema.org","@graph":[{"@type":"WebPage","@id":"https:\/\/intasc.com\/pt\/contacto\/","url":"https:\/\/intasc.com\/pt\/contacto\/","name":"Contacto - Intasc - Consultoria em Com\u00e9rcio Internacional","isPartOf":{"@id":"https:\/\/intasc.com\/pt\/#website"},"primaryImageOfPage":{"@id":"https:\/\/intasc.com\/pt\/contacto\/#primaryimage"},"image":{"@id":"https:\/\/intasc.com\/pt\/contacto\/#primaryimage"},"thumbnailUrl":"https:\/\/mlmpmsbezgus.i.optimole.com\/w:auto\/h:auto\/q:mauto\/ig:avif\/https:\/\/intasc.com\/pt\/wp-content\/uploads\/2024\/04\/contact-us-4193401_640-1.jpg","datePublished":"2024-04-04T15:23:36+00:00","dateModified":"2024-10-17T13:50:20+00:00","description":"Preencha o formul\u00e1rio ou contacte-nos para saber mais sobre os servi\u00e7os que prestamos (Prospe\u00e7\u00e3o, Compras e Vendas internacionais, Assist\u00eancia Virtual)","breadcrumb":{"@id":"https:\/\/intasc.com\/pt\/contacto\/#breadcrumb"},"inLanguage":"en-US","potentialAction":[{"@type":"ReadAction","target":["https:\/\/intasc.com\/pt\/contacto\/"]}]},{"@type":"ImageObject","inLanguage":"en-US","@id":"https:\/\/intasc.com\/pt\/contacto\/#primaryimage","url":"https:\/\/mlmpmsbezgus.i.optimole.com\/w:auto\/h:auto\/q:mauto\/ig:avif\/https:\/\/intasc.com\/pt\/wp-content\/uploads\/2024\/04\/contact-us-4193401_640-1.jpg","contentUrl":"https:\/\/mlmpmsbezgus.i.optimole.com\/w:auto\/h:auto\/q:mauto\/ig:avif\/https:\/\/intasc.com\/pt\/wp-content\/uploads\/2024\/04\/contact-us-4193401_640-1.jpg","width":640,"height":427,"caption":"Contato Intasc"},{"@type":"BreadcrumbList","@id":"https:\/\/intasc.com\/pt\/contacto\/#breadcrumb","itemListElement":[{"@type":"ListItem","position":1,"name":"Home","item":"https:\/\/intasc.com\/pt\/"},{"@type":"ListItem","position":2,"name":"Contacto"}]},{"@type":"WebSite","@id":"https:\/\/intasc.com\/pt\/#website","url":"https:\/\/intasc.com\/pt\/","name":"intasc","description":"","publisher":{"@id":"https:\/\/intasc.com\/pt\/#organization"},"potentialAction":[{"@type":"SearchAction","target":{"@type":"EntryPoint","urlTemplate":"https:\/\/intasc.com\/pt\/?s={search_term_string}"},"query-input":{"@type":"PropertyValueSpecification","valueRequired":true,"valueName":"search_term_string"}}],"inLanguage":"en-US"},{"@type":"Organization","@id":"https:\/\/intasc.com\/pt\/#organization","name":"intasc","url":"https:\/\/intasc.com\/pt\/","logo":{"@type":"ImageObject","inLanguage":"en-US","@id":"https:\/\/intasc.com\/pt\/#\/schema\/logo\/image\/","url":"https:\/\/mlmpmsbezgus.i.optimole.com\/w:auto\/h:auto\/q:mauto\/ig:avif\/https:\/\/intasc.com\/pt\/wp-content\/uploads\/2024\/04\/Logo-cortado.jpeg","contentUrl":"https:\/\/mlmpmsbezgus.i.optimole.com\/w:auto\/h:auto\/q:mauto\/ig:avif\/https:\/\/intasc.com\/pt\/wp-content\/uploads\/2024\/04\/Logo-cortado.jpeg","width":191,"height":87,"caption":"intasc"},"image":{"@id":"https:\/\/intasc.com\/pt\/#\/schema\/logo\/image\/"},"sameAs":["https:\/\/www.linkedin.com\/company\/intasc"]}]}},"_links":{"self":[{"href":"https:\/\/intasc.com\/pt\/wp-json\/wp\/v2\/pages\/164","targetHints":{"allow":["GET"]}}],"collection":[{"href":"https:\/\/intasc.com\/pt\/wp-json\/wp\/v2\/pages"}],"about":[{"href":"https:\/\/intasc.com\/pt\/wp-json\/wp\/v2\/types\/page"}],"author":[{"embeddable":true,"href":"https:\/\/intasc.com\/pt\/wp-json\/wp\/v2\/users\/1"}],"replies":[{"embeddable":true,"href":"https:\/\/intasc.com\/pt\/wp-json\/wp\/v2\/comments?post=164"}],"version-history":[{"count":23,"href":"https:\/\/intasc.com\/pt\/wp-json\/wp\/v2\/pages\/164\/revisions"}],"predecessor-version":[{"id":570,"href":"https:\/\/intasc.com\/pt\/wp-json\/wp\/v2\/pages\/164\/revisions\/570"}],"wp:attachment":[{"href":"https:\/\/intasc.com\/pt\/wp-json\/wp\/v2\/media?parent=164"}],"curies":[{"name":"wp","href":"https:\/\/api.w.org\/{rel}","templated":true}]}}